{"id":494,"date":"2020-06-11T16:39:57","date_gmt":"2020-06-11T20:39:57","guid":{"rendered":"http:\/\/111170.b.aliquando.immo\/?page_id=494"},"modified":"2025-01-16T17:52:36","modified_gmt":"2025-01-16T22:52:36","slug":"a-propos","status":"publish","type":"page","link":"https:\/\/joseesavoie.ca\/en\/a-propos\/","title":{"rendered":"\u00c0 propos"},"content":{"rendered":"<p><strong>L\u2019humain avant tout\u2009!\u00a0<\/strong>Il ne faut que quelques secondes pour capter la fougue dans le regard de Jos\u00e9e Savoie. Son incomparable dynamisme, son d\u00e9sir d\u2019aider et son amour sinc\u00e8re pour les gens qu\u2019elle rencontre font de chaque transaction immobili\u00e8re une exp\u00e9rience rassurante et agr\u00e9able pour ses clients.<br> Apr\u00e8s avoir travaill\u00e9 24 ann\u00e9es chez Desjardins, dont huit dans le domaine hypoth\u00e9caire, Jos\u00e9e r\u00e9oriente sa carri\u00e8re vers le m\u00e9tier de courtier immobilier r\u00e9sidentiel. Ce choix provient de l\u2019heureuse combinaison de son int\u00e9r\u00eat pour l\u2019immobilier et celui du d\u00e9sir de travailler \u00ab\u2009sur le terrain\u2009\u00bb avec la client\u00e8le.\u00a0<br> C\u2019est avec respect, transparence, \u00e9coute et professionnalisme que Jos\u00e9e vous accompagnera dans le processus de vente ou d\u2019achat d\u2019une propri\u00e9t\u00e9. \u00a0\u00a0Vous pourrez suivre de pr\u00e8s toutes les \u00e9tapes de votre transaction, car\u00a0<strong>faire \u00e9quipe avec vous est LA priorit\u00e9\u00a0de Jos\u00e9e\u2009!<\/strong><\/p>","protected":false},"excerpt":{"rendered":"<p>L\u2019humain avant tout\u2009!\u00a0Il ne faut que quelques secondes pour capter la fougue dans le regard de Jos\u00e9e Savoie. Son incomparable dynamisme, son d\u00e9sir d\u2019aider et son amour sinc\u00e8re pour les gens qu\u2019elle rencontre font de chaque transaction immobili\u00e8re une exp\u00e9rience rassurante et agr\u00e9able pour ses clients. Apr\u00e8s avoir travaill\u00e9 24 ann\u00e9es chez Desjardins, dont huit [&hellip;]<\/p>\n","protected":false},"author":121,"featured_media":0,"parent":0,"menu_order":0,"comment_status":"closed","ping_status":"closed","template":"page-fullwidth.php","meta":{"_acf_changed":false,"footnotes":""},"class_list":["post-494","page","type-page","status-publish","hentry"],"acf":[],"_links":{"self":[{"href":"https:\/\/joseesavoie.ca\/en\/wp-json\/wp\/v2\/pages\/494","targetHints":{"allow":["GET"]}}],"collection":[{"href":"https:\/\/joseesavoie.ca\/en\/wp-json\/wp\/v2\/pages"}],"about":[{"href":"https:\/\/joseesavoie.ca\/en\/wp-json\/wp\/v2\/types\/page"}],"author":[{"embeddable":true,"href":"https:\/\/joseesavoie.ca\/en\/wp-json\/wp\/v2\/users\/121"}],"replies":[{"embeddable":true,"href":"https:\/\/joseesavoie.ca\/en\/wp-json\/wp\/v2\/comments?post=494"}],"version-history":[{"count":3,"href":"https:\/\/joseesavoie.ca\/en\/wp-json\/wp\/v2\/pages\/494\/revisions"}],"predecessor-version":[{"id":597,"href":"https:\/\/joseesavoie.ca\/en\/wp-json\/wp\/v2\/pages\/494\/revisions\/597"}],"wp:attachment":[{"href":"https:\/\/joseesavoie.ca\/en\/wp-json\/wp\/v2\/media?parent=494"}],"curies":[{"name":"wp","href":"https:\/\/api.w.org\/{rel}","templated":true}]}}